{"id":94,"date":"2015-04-22T12:36:14","date_gmt":"2015-04-22T12:36:14","guid":{"rendered":"http:\/\/kuhn.selectline.de\/?page_id=94"},"modified":"2015-06-29T15:36:08","modified_gmt":"2015-06-29T15:36:08","slug":"lomi-lomi-nui","status":"publish","type":"page","link":"https:\/\/www.wellness-bk.de\/?page_id=94","title":{"rendered":"Lomi Lomi Nui"},"content":{"rendered":"<p>...die <strong>\"K\u00f6nigin der Massagen\"<\/strong><\/p>\n<p>Die Lomi Lomi Nui ist eine hawaiianische Tempelmassage und hat ihren Ursprung in der rituellen Energiemassage der Kahunas, der Meister bzw. Schamanen von Hawaii.<\/p>\n<p>Mit dieser unvergleichlichen Massage k\u00f6nnen Energiedefizite ausgeglichen, Verspannungen gel\u00f6st und die Selbstheilungsprozesse anregt werden. Von Anfang an wurde diese Massage auf Hawaii dazu genutzt, alte Muster loszulassen und auf dem Weg in neue Lebensabschnitte zu begleiten.<\/p>\n<p>Bei dieser einzigartigen Form der K\u00f6rperarbeit arbeite ich mit den H\u00e4nden, den Unterarmen und den Ellenbogen und benutze dabei reichlich, speziell f\u00fcr diese Massage hergestelltes, hochwertiges \u00d6l. Lange, wellenf\u00f6rmige Streichungen, tiefe Bindegewebsmassage, sanfte Gelenklockerungen und Energiearbeit k\u00f6nnen in einen Zustand der absoluten Tiefenentspannung f\u00fchren und erlauben K\u00f6rper und Seele, vollkommen vom Alltag loszulassen.<\/p>\n<p>Der besondere Anspruch der Lomi Lomi Nui, jeden Menschen in seiner einzigartigen Form und seiner individuellen Situation zu erfassen, macht jede Anwendung zu einem einmaligen Erlebnis.<\/p>\n<p><img loading=\"lazy\" class=\"aligncenter wp-image-374 \" src=\"http:\/\/kuhn.selectline.de\/wp-content\/uploads\/2015\/06\/lomi-lomi-ge\u00e4ndert-982x1024.jpg\" alt=\"\" width=\"416\" height=\"434\" srcset=\"https:\/\/www.wellness-bk.de\/wp-content\/uploads\/2015\/06\/lomi-lomi-ge\u00e4ndert-982x1024.jpg 982w, https:\/\/www.wellness-bk.de\/wp-content\/uploads\/2015\/06\/lomi-lomi-ge\u00e4ndert-288x300.jpg 288w, https:\/\/www.wellness-bk.de\/wp-content\/uploads\/2015\/06\/lomi-lomi-ge\u00e4ndert-130x135.jpg 130w\" sizes=\"(max-width: 416px) 100vw, 416px\" \/><\/p>\n<p>Diese Anwendung dauert 80 Minuten.<\/p>\n","protected":false},"excerpt":{"rendered":"<p>...die \"K\u00f6nigin der Massagen\" Die Lomi Lomi Nui ist eine hawaiianische Tempelmassage und hat ihren Ursprung in der rituellen Energiemassage der Kahunas, der Meister bzw. Schamanen von Hawaii. Mit dieser unvergleichlichen Massage k\u00f6nnen Energiedefizite ausgeglichen, Verspannungen gel\u00f6st und die Selbstheilungsprozesse anregt werden. Von Anfang an wurde diese Massage auf Hawaii dazu genutzt, alte Muster loszulassen <a href=\"https:\/\/www.wellness-bk.de\/?page_id=94\" class=\"more-link\">...weiterlesen<span class=\"screen-reader-text\"> \"Lomi Lomi Nui\"<\/span><\/a><\/p>\n","protected":false},"author":1,"featured_media":0,"parent":23,"menu_order":0,"comment_status":"closed","ping_status":"closed","template":"","meta":[],"_links":{"self":[{"href":"https:\/\/www.wellness-bk.de\/index.php?rest_route=\/wp\/v2\/pages\/94"}],"collection":[{"href":"https:\/\/www.wellness-bk.de\/index.php?rest_route=\/wp\/v2\/pages"}],"about":[{"href":"https:\/\/www.wellness-bk.de\/index.php?rest_route=\/wp\/v2\/types\/page"}],"author":[{"embeddable":true,"href":"https:\/\/www.wellness-bk.de\/index.php?rest_route=\/wp\/v2\/users\/1"}],"replies":[{"embeddable":true,"href":"https:\/\/www.wellness-bk.de\/index.php?rest_route=%2Fwp%2Fv2%2Fcomments&post=94"}],"version-history":[{"count":14,"href":"https:\/\/www.wellness-bk.de\/index.php?rest_route=\/wp\/v2\/pages\/94\/revisions"}],"predecessor-version":[{"id":376,"href":"https:\/\/www.wellness-bk.de\/index.php?rest_route=\/wp\/v2\/pages\/94\/revisions\/376"}],"up":[{"embeddable":true,"href":"https:\/\/www.wellness-bk.de\/index.php?rest_route=\/wp\/v2\/pages\/23"}],"wp:attachment":[{"href":"https:\/\/www.wellness-bk.de\/index.php?rest_route=%2Fwp%2Fv2%2Fmedia&parent=94"}],"curies":[{"name":"wp","href":"https:\/\/api.w.org\/{rel}","templated":true}]}}