{"id":59,"date":"2015-04-21T11:29:21","date_gmt":"2015-04-21T11:29:21","guid":{"rendered":"http:\/\/127.0.0.1\/wordpress\/?page_id=59"},"modified":"2015-06-21T18:52:17","modified_gmt":"2015-06-21T18:52:17","slug":"hot-stone-massage","status":"publish","type":"page","link":"https:\/\/www.wellness-bk.de\/?page_id=59","title":{"rendered":"Hot-Stone-Massage"},"content":{"rendered":"<p><img loading=\"lazy\" class=\"  wp-image-211 alignleft\" src=\"http:\/\/kuhn.selectline.de\/wp-content\/uploads\/2015\/04\/IMG_0080-200x300.jpg\" alt=\"IMG_0080\" width=\"186\" height=\"279\" srcset=\"https:\/\/www.wellness-bk.de\/wp-content\/uploads\/2015\/04\/IMG_0080-200x300.jpg 200w, https:\/\/www.wellness-bk.de\/wp-content\/uploads\/2015\/04\/IMG_0080-683x1024.jpg 683w\" sizes=\"(max-width: 186px) 100vw, 186px\" \/>Die mehr als 2000 Jahre alten Wurzeln der Hot-Stone-Massage befinden sich in Hawaii. Die Hawaiianer nutzen seit jeher diese wohltuende Massage f\u00fcr k\u00f6rperliche und seelische Leiden.<br \/>\nW\u00e4rmeschenkende Basaltsteine k\u00f6nnen ein weites Spektrum des k\u00f6rperlichen Wohlbefindens beeinflussen. Neben der k\u00f6rperlichen sowie seelischen und geistigen Entspannung werden die Durchblutung und der Lymphfluss gef\u00f6rdert, Schlackenstoffe k\u00f6nnen abtransportiert und der Gewebestoffwechsel angeregt werden - um hier nur einige zu nennen.<br \/>\nDie angenehme W\u00e4rme, die in den Steinen gespeichert ist, sowie das hochwertiges Massage\u00f6l k\u00f6nnen Sie auf allen Ebenen zur Ruhe kommen lassen. Durch die sanfte und wohltuende Hot-Stone-Massage nehmen Sie bewusst Ihren K\u00f6rper wahr. Leichtigkeit sowie ein wunderbares Wohlbefinden k\u00f6nnen Einzug in Ihren K\u00f6rper halten, in Ihr gesamtes Sein.<\/p>\n<p>Diese Anwendung dauert 60 Minuten.<\/p>\n","protected":false},"excerpt":{"rendered":"<p>Die mehr als 2000 Jahre alten Wurzeln der Hot-Stone-Massage befinden sich in Hawaii. Die Hawaiianer nutzen seit jeher diese wohltuende Massage f\u00fcr k\u00f6rperliche und seelische Leiden. W\u00e4rmeschenkende Basaltsteine k\u00f6nnen ein weites Spektrum des k\u00f6rperlichen Wohlbefindens beeinflussen. Neben der k\u00f6rperlichen sowie seelischen und geistigen Entspannung werden die Durchblutung und der Lymphfluss gef\u00f6rdert, Schlackenstoffe k\u00f6nnen abtransportiert und <a href=\"https:\/\/www.wellness-bk.de\/?page_id=59\" class=\"more-link\">...weiterlesen<span class=\"screen-reader-text\"> \"Hot-Stone-Massage\"<\/span><\/a><\/p>\n","protected":false},"author":1,"featured_media":0,"parent":23,"menu_order":0,"comment_status":"closed","ping_status":"closed","template":"","meta":[],"_links":{"self":[{"href":"https:\/\/www.wellness-bk.de\/index.php?rest_route=\/wp\/v2\/pages\/59"}],"collection":[{"href":"https:\/\/www.wellness-bk.de\/index.php?rest_route=\/wp\/v2\/pages"}],"about":[{"href":"https:\/\/www.wellness-bk.de\/index.php?rest_route=\/wp\/v2\/types\/page"}],"author":[{"embeddable":true,"href":"https:\/\/www.wellness-bk.de\/index.php?rest_route=\/wp\/v2\/users\/1"}],"replies":[{"embeddable":true,"href":"https:\/\/www.wellness-bk.de\/index.php?rest_route=%2Fwp%2Fv2%2Fcomments&post=59"}],"version-history":[{"count":15,"href":"https:\/\/www.wellness-bk.de\/index.php?rest_route=\/wp\/v2\/pages\/59\/revisions"}],"predecessor-version":[{"id":309,"href":"https:\/\/www.wellness-bk.de\/index.php?rest_route=\/wp\/v2\/pages\/59\/revisions\/309"}],"up":[{"embeddable":true,"href":"https:\/\/www.wellness-bk.de\/index.php?rest_route=\/wp\/v2\/pages\/23"}],"wp:attachment":[{"href":"https:\/\/www.wellness-bk.de\/index.php?rest_route=%2Fwp%2Fv2%2Fmedia&parent=59"}],"curies":[{"name":"wp","href":"https:\/\/api.w.org\/{rel}","templated":true}]}}