{"id":57,"date":"2015-04-21T11:28:46","date_gmt":"2015-04-21T11:28:46","guid":{"rendered":"http:\/\/127.0.0.1\/wordpress\/?page_id=57"},"modified":"2015-06-29T15:07:58","modified_gmt":"2015-06-29T15:07:58","slug":"breussmassage","status":"publish","type":"page","link":"https:\/\/www.wellness-bk.de\/?page_id=57","title":{"rendered":"Breu\u00dfmassage"},"content":{"rendered":"<p>Bei der Breu\u00dfmassage wird davon ausgegangen, dass die Bandscheiben im Laufe der Jahre austrocknen. \u00c4hnlich wie ein Schwamm, der unter der Dauerbelastung eines schweren Gewichtes platt gedr\u00fcckt wird und platt bleibt bis man Feuchtigkeit dazu gibt, dann quillt der Schwamm - ebenso die Bandscheibe \u2013 wieder auf. Bei der Breu\u00dfmassge k\u00f6nnen auch kleinere Fehlstellungen der Wirbelk\u00f6rper ausgeglichen werden.<br \/>\nBei der einfachen, aber sehr wirkungsvollen Wirbels\u00e4ulenmassage nach Breu\u00df, wird entlang der Dornforts\u00e4tze an der Wirbels\u00e4ule ein sehr gutes Johanniskraut\u00f6l sanft einmassiert. Dieses Johanniskraut\u00f6l kann bis zu den Bandscheiben vordringen und diese \"aufquellen\". Dadurch kann ein Aneinanderreiben der Wirbelk\u00f6rper verringert werden. Au\u00dferdem kann gleichzeitig die R\u00fcckenmuskulatur entspannen.<br \/>\nDiese Massage ist eine Form der Pr\u00e4vention zur Vorbeugung bei angehenden Bandscheibenproblemen und kann unterst\u00fctzend f\u00fcr andere Heilmethoden im R\u00fcckenbereich wirken.<\/p>\n<p>Diese Anwendung dauert 45 Minuten.<\/p>\n","protected":false},"excerpt":{"rendered":"<p>Bei der Breu\u00dfmassage wird davon ausgegangen, dass die Bandscheiben im Laufe der Jahre austrocknen. \u00c4hnlich wie ein Schwamm, der unter der Dauerbelastung eines schweren Gewichtes platt gedr\u00fcckt wird und platt bleibt bis man Feuchtigkeit dazu gibt, dann quillt der Schwamm - ebenso die Bandscheibe \u2013 wieder auf. Bei der Breu\u00dfmassge k\u00f6nnen auch kleinere Fehlstellungen der <a href=\"https:\/\/www.wellness-bk.de\/?page_id=57\" class=\"more-link\">...weiterlesen<span class=\"screen-reader-text\"> \"Breu\u00dfmassage\"<\/span><\/a><\/p>\n","protected":false},"author":1,"featured_media":0,"parent":23,"menu_order":0,"comment_status":"closed","ping_status":"closed","template":"","meta":[],"_links":{"self":[{"href":"https:\/\/www.wellness-bk.de\/index.php?rest_route=\/wp\/v2\/pages\/57"}],"collection":[{"href":"https:\/\/www.wellness-bk.de\/index.php?rest_route=\/wp\/v2\/pages"}],"about":[{"href":"https:\/\/www.wellness-bk.de\/index.php?rest_route=\/wp\/v2\/types\/page"}],"author":[{"embeddable":true,"href":"https:\/\/www.wellness-bk.de\/index.php?rest_route=\/wp\/v2\/users\/1"}],"replies":[{"embeddable":true,"href":"https:\/\/www.wellness-bk.de\/index.php?rest_route=%2Fwp%2Fv2%2Fcomments&post=57"}],"version-history":[{"count":9,"href":"https:\/\/www.wellness-bk.de\/index.php?rest_route=\/wp\/v2\/pages\/57\/revisions"}],"predecessor-version":[{"id":368,"href":"https:\/\/www.wellness-bk.de\/index.php?rest_route=\/wp\/v2\/pages\/57\/revisions\/368"}],"up":[{"embeddable":true,"href":"https:\/\/www.wellness-bk.de\/index.php?rest_route=\/wp\/v2\/pages\/23"}],"wp:attachment":[{"href":"https:\/\/www.wellness-bk.de\/index.php?rest_route=%2Fwp%2Fv2%2Fmedia&parent=57"}],"curies":[{"name":"wp","href":"https:\/\/api.w.org\/{rel}","templated":true}]}}