{"id":55,"date":"2015-04-21T11:28:19","date_gmt":"2015-04-21T11:28:19","guid":{"rendered":"http:\/\/127.0.0.1\/wordpress\/?page_id=55"},"modified":"2015-06-29T15:06:49","modified_gmt":"2015-06-29T15:06:49","slug":"klassische-ganzkoerpermassage","status":"publish","type":"page","link":"https:\/\/www.wellness-bk.de\/?page_id=55","title":{"rendered":"Klassische Ganzk\u00f6rpermassage"},"content":{"rendered":"<p>Die klassische oder auch schwedische Massage wird heutzutage weltweit von Masseuren, Physiotherapeuten und \u00c4rzten praktiziert und ist daher eine der bekanntesten Massageformen.<\/p>\n<p>Die wohltuende Ganzk\u00f6rpermassage ist gekennzeichnet durch Streichungen, Knetungen und Dehnung der Muskulatur sowie Druckpunktbehandlungen. Damit werden Verspannungen und Verh\u00e4rtungen der Muskulatur behandelt. Die klassische Massage dient besonders zur Vorbeugung und Behandlung von Verspannungen und Verh\u00e4rtungen der Muskulatur, zur besseren Durchblutung der Haut und zur Entspannung und gleichzeitigen Vitalisierung des ganzen Menschen.<\/p>\n<p>Die St\u00e4rke der erprobten Massagegriffe richtet sich nach Ihren individuellen Bed\u00fcrfnissen. Sie kann physische und psychische Verspannungen l\u00f6sen, die bewusste Wahrnehmung des eigenen K\u00f6rpers f\u00f6rdern und die Leistungsf\u00e4higkeit und das Selbstvertrauen st\u00e4rken.<br \/>\nDie Ganzk\u00f6rpermassage kann sehr beruhigend auf Ihr gesamtes Befinden wirken, so dass auch das vegetative Nervensystem zur Ruhe kommen kann.<\/p>\n<p style=\"margin: 0cm; margin-bottom: .0001pt; line-height: 13.5pt; background: white;\"><span style=\"font-family: 'Lucida Bright','serif'; color: #503d08;\">\u00a0<\/span><\/p>\n<p><img loading=\"lazy\" class=\"aligncenter  wp-image-248\" src=\"http:\/\/kuhn.selectline.de\/wp-content\/uploads\/2015\/04\/IMG_0094-1024x683.jpg\" alt=\"IMG_0094\" width=\"572\" height=\"381\" srcset=\"https:\/\/www.wellness-bk.de\/wp-content\/uploads\/2015\/04\/IMG_0094-1024x683.jpg 1024w, https:\/\/www.wellness-bk.de\/wp-content\/uploads\/2015\/04\/IMG_0094-300x200.jpg 300w\" sizes=\"(max-width: 572px) 100vw, 572px\" \/><\/p>\n<p>Diese Anwendung dauert 60 Minuten.<\/p>\n","protected":false},"excerpt":{"rendered":"<p>Die klassische oder auch schwedische Massage wird heutzutage weltweit von Masseuren, Physiotherapeuten und \u00c4rzten praktiziert und ist daher eine der bekanntesten Massageformen. Die wohltuende Ganzk\u00f6rpermassage ist gekennzeichnet durch Streichungen, Knetungen und Dehnung der Muskulatur sowie Druckpunktbehandlungen. Damit werden Verspannungen und Verh\u00e4rtungen der Muskulatur behandelt. Die klassische Massage dient besonders zur Vorbeugung und Behandlung von Verspannungen <a href=\"https:\/\/www.wellness-bk.de\/?page_id=55\" class=\"more-link\">...weiterlesen<span class=\"screen-reader-text\"> \"Klassische Ganzk\u00f6rpermassage\"<\/span><\/a><\/p>\n","protected":false},"author":1,"featured_media":0,"parent":23,"menu_order":0,"comment_status":"closed","ping_status":"closed","template":"","meta":[],"_links":{"self":[{"href":"https:\/\/www.wellness-bk.de\/index.php?rest_route=\/wp\/v2\/pages\/55"}],"collection":[{"href":"https:\/\/www.wellness-bk.de\/index.php?rest_route=\/wp\/v2\/pages"}],"about":[{"href":"https:\/\/www.wellness-bk.de\/index.php?rest_route=\/wp\/v2\/types\/page"}],"author":[{"embeddable":true,"href":"https:\/\/www.wellness-bk.de\/index.php?rest_route=\/wp\/v2\/users\/1"}],"replies":[{"embeddable":true,"href":"https:\/\/www.wellness-bk.de\/index.php?rest_route=%2Fwp%2Fv2%2Fcomments&post=55"}],"version-history":[{"count":8,"href":"https:\/\/www.wellness-bk.de\/index.php?rest_route=\/wp\/v2\/pages\/55\/revisions"}],"predecessor-version":[{"id":367,"href":"https:\/\/www.wellness-bk.de\/index.php?rest_route=\/wp\/v2\/pages\/55\/revisions\/367"}],"up":[{"embeddable":true,"href":"https:\/\/www.wellness-bk.de\/index.php?rest_route=\/wp\/v2\/pages\/23"}],"wp:attachment":[{"href":"https:\/\/www.wellness-bk.de\/index.php?rest_route=%2Fwp%2Fv2%2Fmedia&parent=55"}],"curies":[{"name":"wp","href":"https:\/\/api.w.org\/{rel}","templated":true}]}}