{"id":53,"date":"2015-04-21T11:27:43","date_gmt":"2015-04-21T11:27:43","guid":{"rendered":"http:\/\/127.0.0.1\/wordpress\/?page_id=53"},"modified":"2015-06-24T14:11:22","modified_gmt":"2015-06-24T14:11:22","slug":"fussmassage","status":"publish","type":"page","link":"https:\/\/www.wellness-bk.de\/?page_id=53","title":{"rendered":"Ganzheitliche Fu\u00dfmassage"},"content":{"rendered":"<p><strong><em>Auch die F\u00fc\u00dfe brauchen Liebe! Schlie\u00dflich haben sie t\u00e4glich viel zu (er-)tragen. <\/em><\/strong><\/p>\n<p>Unser K\u00f6rper verf\u00fcgt \u00fcber rund 72.000 Nervenbahnen, die alle in unseren F\u00fc\u00dfen enden. So k\u00f6nnen sich k\u00f6rperliche Beschwerden oder Stresssymptome an den F\u00fc\u00dfen durch einen Verlust an Harmonie zeigen.<\/p>\n<p>Die Ganzheitliche Fu\u00dfmassage basiert auf der Erkenntnis, dass der Fu\u00df in viele kleine Areale aufgeteilt werden kann, die jeweils durch Nervenstr\u00e4nge mit einem Organ verbunden sind. Beim urspr\u00fcnglichen Barfu\u00dfgehen wurden diese Areale am Fu\u00df automatisch durch die Unebenheiten des Untergrunds behandelt. Erst seit der Mensch Schuhe tr\u00e4gt, werden diese Zonen stark vernachl\u00e4ssigt.<br \/>\nDurch optimalen und gezielten Druck auf die entsprechenden Punkte am Fu\u00df k\u00f6nnen die gesunden Funktionen der inneren Organe gest\u00e4rkt und damit die Gesundheit des K\u00f6rpers nachhaltig gef\u00f6rdert werden.<\/p>\n<p>Um diese Massage noch effektiver zu gestalten, benutze ich f\u00fcr jedes Areal ein speziell ausgew\u00e4hltes \u00e4therisches \u00d6l therapeutischer Qualit\u00e4t der Firma Young Living. Die allgemeinen Effekte der Fu\u00dfmassage k\u00f6nnen eine tiefe Entspannung, eine gesteigerte Durchblutung, die Stimulierung des Abwehrsystems und die Anregung der Selbstheilungskr\u00e4fte sein. Dar\u00fcber hinaus kann sie die Nervenwege und die Muskelentspannung stimulieren. Die F\u00fc\u00dfe werden danach oft als federleicht empfunden.<\/p>\n<p>Diese Massage beruhigt und schafft eine Atmosph\u00e4re von Frieden und Loslassen und kann bei Einschlafproblemen und Nervosit\u00e4t helfen. Auch Kinder sprechen gut darauf an. Sie eignet sich ebenfalls\u00a0gut f\u00fcr Menschen, die sich sonst nicht so gerne ber\u00fchren lassen.<\/p>\n<p><img loading=\"lazy\" class=\"aligncenter  wp-image-259\" src=\"http:\/\/kuhn.selectline.de\/wp-content\/uploads\/2015\/04\/IMG_0121-1024x683.jpg\" alt=\"IMG_0121\" width=\"537\" height=\"359\" srcset=\"https:\/\/www.wellness-bk.de\/wp-content\/uploads\/2015\/04\/IMG_0121-1024x683.jpg 1024w, https:\/\/www.wellness-bk.de\/wp-content\/uploads\/2015\/04\/IMG_0121-300x200.jpg 300w\" sizes=\"(max-width: 537px) 100vw, 537px\" \/><\/p>\n<p>Diese Anwendung dauert 60 Minuten.<\/p>\n","protected":false},"excerpt":{"rendered":"<p>Auch die F\u00fc\u00dfe brauchen Liebe! Schlie\u00dflich haben sie t\u00e4glich viel zu (er-)tragen. Unser K\u00f6rper verf\u00fcgt \u00fcber rund 72.000 Nervenbahnen, die alle in unseren F\u00fc\u00dfen enden. So k\u00f6nnen sich k\u00f6rperliche Beschwerden oder Stresssymptome an den F\u00fc\u00dfen durch einen Verlust an Harmonie zeigen. Die Ganzheitliche Fu\u00dfmassage basiert auf der Erkenntnis, dass der Fu\u00df in viele kleine Areale <a href=\"https:\/\/www.wellness-bk.de\/?page_id=53\" class=\"more-link\">...weiterlesen<span class=\"screen-reader-text\"> \"Ganzheitliche Fu\u00dfmassage\"<\/span><\/a><\/p>\n","protected":false},"author":1,"featured_media":0,"parent":23,"menu_order":0,"comment_status":"closed","ping_status":"closed","template":"","meta":[],"_links":{"self":[{"href":"https:\/\/www.wellness-bk.de\/index.php?rest_route=\/wp\/v2\/pages\/53"}],"collection":[{"href":"https:\/\/www.wellness-bk.de\/index.php?rest_route=\/wp\/v2\/pages"}],"about":[{"href":"https:\/\/www.wellness-bk.de\/index.php?rest_route=\/wp\/v2\/types\/page"}],"author":[{"embeddable":true,"href":"https:\/\/www.wellness-bk.de\/index.php?rest_route=\/wp\/v2\/users\/1"}],"replies":[{"embeddable":true,"href":"https:\/\/www.wellness-bk.de\/index.php?rest_route=%2Fwp%2Fv2%2Fcomments&post=53"}],"version-history":[{"count":11,"href":"https:\/\/www.wellness-bk.de\/index.php?rest_route=\/wp\/v2\/pages\/53\/revisions"}],"predecessor-version":[{"id":333,"href":"https:\/\/www.wellness-bk.de\/index.php?rest_route=\/wp\/v2\/pages\/53\/revisions\/333"}],"up":[{"embeddable":true,"href":"https:\/\/www.wellness-bk.de\/index.php?rest_route=\/wp\/v2\/pages\/23"}],"wp:attachment":[{"href":"https:\/\/www.wellness-bk.de\/index.php?rest_route=%2Fwp%2Fv2%2Fmedia&parent=53"}],"curies":[{"name":"wp","href":"https:\/\/api.w.org\/{rel}","templated":true}]}}