{"id":48,"date":"2015-04-21T11:24:32","date_gmt":"2015-04-21T11:24:32","guid":{"rendered":"http:\/\/127.0.0.1\/wordpress\/?page_id=48"},"modified":"2020-06-16T09:48:03","modified_gmt":"2020-06-16T09:48:03","slug":"aromaanwendungen","status":"publish","type":"page","link":"https:\/\/www.wellness-bk.de\/?page_id=48","title":{"rendered":"Aromaanwendungen"},"content":{"rendered":"<p>Jeder der sich schon einmal eingehender mit ihnen besch\u00e4ftigt hat, wei\u00df um die oft herausragende Wirkung von Aromen, D\u00fcften und \u00d6len auf K\u00f6rper und Geist. Sie werden f\u00fcr viele unterschiedliche Anwendungen benutzt, darunter zur Heilung von Wunden, der Beruhigung und Entspannung oder der Konzentration.<\/p>\n<p>Schon seit einigen Jahren besch\u00e4ftige ich mich mit dem Einfluss von Aroma\u00f6len auf unseren K\u00f6rper. Nun gibt es enorme Qualit\u00e4tsunterschiede bei \u00e4therischen \u00d6len, die sich von zur G\u00e4nze im Labor hergestellten \u00d6len (synthetische \u00d6le), \u2013 \u00d6len, die mit billigen Alkoholen gestreckt werden, \u2013 \u00d6len, die aus konventionellem Anbau stammen, \u2013 \u00d6len, die zwar biologisch angebaut wurden, deren Qualit\u00e4t jedoch durch einen unsanften Destillationsprozess stark beeintr\u00e4chtigt wurden, bis zu den 3% (weltweit) mit der englischen Bezeichnung <strong>therapeutic grade essential oils<\/strong> erstrecken k\u00f6nnen.<\/p>\n<p>Gary Young, der Gr\u00fcnder der Firma Young Living, hat es sich zum Ziel gemacht, die besten \u00d6le der Welt herzustellen. Die von ihm formulierten Blends (\u00d6lmischungen aus verschiedenen einzelnen \u00d6len) sind Ausdruck seines Pioniergeists und K\u00f6nnens \u2013 mit diesen Mischungen k\u00f6nnen emotionale und spirituelle Themen sowie K\u00f6rpersysteme sehr effektiv unterst\u00fctzt werden.<\/p>\n<p>Ich verwende die Aroma\u00f6le von Young Living bei der Raindrop-Technique\u00ae-Massage, bei welcher Gary Young aufeinander abgestimmte Aroma\u00f6le mit den Techniken der Lakota Indianer zu einer sehr effektiven Massage verbunden hat. Au\u00dferdem kommen diese \u00d6le bei der ganzheitlichen Fu\u00dfmassage und der russischen Honig-Zimt-Massage zum Einsatz.<\/p>\n<p>Gerne berate ich auch Sie im Umgang und dem praktischen Gebrauch im Alltag. Sie werden sehen, wie n\u00fctzlich und vielseitig die Anwendung der \u00d6le ist \u2013 und das vollkommen im Einklang mit der Natur. Nat\u00fcrlich k\u00f6nnen Sie die \u00d6le auch bei mir zum aktuellen Listenpreis erwerben.<\/p>\n<p>&nbsp;<\/p>\n<table>\n<tbody>\n<tr>\n<td><img loading=\"lazy\" class=\"aligncenter wp-image-147\" src=\"https:\/\/www.wellness-bk.de\/wp-content\/uploads\/2015\/04\/YL-Logo.png\" alt=\"YL Logo\" width=\"281\" height=\"110\" srcset=\"https:\/\/www.wellness-bk.de\/wp-content\/uploads\/2015\/04\/YL-Logo.png 317w, https:\/\/www.wellness-bk.de\/wp-content\/uploads\/2015\/04\/YL-Logo-300x117.png 300w\" sizes=\"(max-width: 281px) 100vw, 281px\" \/><\/td>\n<td style=\"padding-left: 5px;\"><img loading=\"lazy\" class=\"aligncenter wp-image-124\" src=\"https:\/\/www.wellness-bk.de\/wp-content\/uploads\/2015\/04\/3511741216_8c639ff0fa_o-245x300.jpg\" alt=\"3511741216_8c639ff0fa_o\" width=\"208\" height=\"250\" \/><\/td>\n<td><img loading=\"lazy\" class=\"aligncenter wp-image-287\" src=\"https:\/\/www.wellness-bk.de\/wp-content\/uploads\/2015\/04\/SEED-to-Seal.jpg\" alt=\"SEED to Seal\" width=\"213\" height=\"228\" \/><\/td>\n<\/tr>\n<\/tbody>\n<\/table>\n<p>&nbsp;<\/p>\n<p>&nbsp;<\/p>\n","protected":false},"excerpt":{"rendered":"<p>Jeder der sich schon einmal eingehender mit ihnen besch\u00e4ftigt hat, wei\u00df um die oft herausragende Wirkung von Aromen, D\u00fcften und \u00d6len auf K\u00f6rper und Geist. Sie werden f\u00fcr viele unterschiedliche Anwendungen benutzt, darunter zur Heilung von Wunden, der Beruhigung und Entspannung oder der Konzentration. Schon seit einigen Jahren besch\u00e4ftige ich mich mit dem Einfluss von <a href=\"https:\/\/www.wellness-bk.de\/?page_id=48\" class=\"more-link\">...weiterlesen<span class=\"screen-reader-text\"> \"Aromaanwendungen\"<\/span><\/a><\/p>\n","protected":false},"author":1,"featured_media":0,"parent":0,"menu_order":0,"comment_status":"closed","ping_status":"closed","template":"","meta":[],"_links":{"self":[{"href":"https:\/\/www.wellness-bk.de\/index.php?rest_route=\/wp\/v2\/pages\/48"}],"collection":[{"href":"https:\/\/www.wellness-bk.de\/index.php?rest_route=\/wp\/v2\/pages"}],"about":[{"href":"https:\/\/www.wellness-bk.de\/index.php?rest_route=\/wp\/v2\/types\/page"}],"author":[{"embeddable":true,"href":"https:\/\/www.wellness-bk.de\/index.php?rest_route=\/wp\/v2\/users\/1"}],"replies":[{"embeddable":true,"href":"https:\/\/www.wellness-bk.de\/index.php?rest_route=%2Fwp%2Fv2%2Fcomments&post=48"}],"version-history":[{"count":28,"href":"https:\/\/www.wellness-bk.de\/index.php?rest_route=\/wp\/v2\/pages\/48\/revisions"}],"predecessor-version":[{"id":631,"href":"https:\/\/www.wellness-bk.de\/index.php?rest_route=\/wp\/v2\/pages\/48\/revisions\/631"}],"wp:attachment":[{"href":"https:\/\/www.wellness-bk.de\/index.php?rest_route=%2Fwp%2Fv2%2Fmedia&parent=48"}],"curies":[{"name":"wp","href":"https:\/\/api.w.org\/{rel}","templated":true}]}}