{"id":27,"date":"2015-04-17T12:21:06","date_gmt":"2015-04-17T12:21:06","guid":{"rendered":"http:\/\/127.0.0.1\/wordpress\/?page_id=27"},"modified":"2022-09-01T04:32:34","modified_gmt":"2022-09-01T04:32:34","slug":"ueber-mich","status":"publish","type":"page","link":"https:\/\/www.wellness-bk.de\/?page_id=27","title":{"rendered":"\u00dcber mich"},"content":{"rendered":"<h2><strong>Birgit Kuhn<img loading=\"lazy\" class=\"  wp-image-78 alignright\" src=\"https:\/\/www.wellness-bk.de\/wp-content\/uploads\/2015\/04\/Foto-Birgit-Kuhn.png\" alt=\"Foto BK\" width=\"184\" height=\"226\" \/><\/strong><\/h2>\n<p>&nbsp;<\/p>\n<p>Geboren bin ich 1966. Nachdem erst die Informatik und dann die Lohnbuchhaltung viele Jahre mein Berufsleben bestimmt haben, f\u00fchrte mich mein Weg dahin, Menschen zu ber\u00fchren und\u00a0ganzheitlich in Harmonie zu bringen.<\/p>\n<p>Die Massagen begleiten mich in ihren Grundz\u00fcgen schon seit meiner Kindheit und ich beschloss diese bei Fachleuten zu erlernen. Also machte ich den Abschluss zum Massagetherapeut \/- praktiker bei der Paracelsus Schule. Direkt im Anschluss hatte ich das gro\u00dfe Gl\u00fcck in einer Praxis in Magdeburg mitarbeiten zu d\u00fcrfen. Das gab mir Gelegenheit meine F\u00e4higkeiten weiter zu vervollst\u00e4ndigen.<\/p>\n<p>W\u00e4hrend der Zeit der Ausbildung zum Massagetherapeut \/- praktiker lernte ich die Klangmassage kennen und beschloss die Intensivausbildung bei Peter Hess selbst im Peter-Hess-Zentrum\u00a0zu machen. Nach sehr erfolgreichem Praktikum konnte ich den Abschluss zum Klangpraktiker nach Peter Hess absolvieren. Seitdem bin ich auch Mitglied im Fachverband f\u00fcr Klangtherapie.<\/p>\n<p>Seit 2014 bin ich in eigener Praxis unter dem Motto<\/p>\n<p style=\"text-align: center;\"><strong><em>\u201eBer\u00fchren durch Ber\u00fchrung\u201c<\/em><\/strong><\/p>\n<p style=\"text-align: left;\">t\u00e4tig.<\/p>\n<p>&nbsp;<\/p>\n<p>Ich weise ausdr\u00fccklich darauf hin, dass es sich bei meinen Massagen nicht um therapeutische Ma\u00dfnahmen im Sinne der\u00a0Physiotherapie handelt und dass ich keinen Heilberuf aus\u00fcbe. Sollten w\u00e4hrend der Anwendung Probleme auftreten, die meine fachlichen Kompetenzen \u00fcberschreiten, verweise ich Sie an einen Arzt.<\/p>\n","protected":false},"excerpt":{"rendered":"<p>Birgit Kuhn &nbsp; Geboren bin ich 1966. Nachdem erst die Informatik und dann die Lohnbuchhaltung viele Jahre mein Berufsleben bestimmt haben, f\u00fchrte mich mein Weg dahin, Menschen zu ber\u00fchren und\u00a0ganzheitlich in Harmonie zu bringen. Die Massagen begleiten mich in ihren Grundz\u00fcgen schon seit meiner Kindheit und ich beschloss diese bei Fachleuten zu erlernen. Also machte <a href=\"https:\/\/www.wellness-bk.de\/?page_id=27\" class=\"more-link\">...weiterlesen<span class=\"screen-reader-text\"> \"\u00dcber mich\"<\/span><\/a><\/p>\n","protected":false},"author":1,"featured_media":0,"parent":0,"menu_order":0,"comment_status":"closed","ping_status":"closed","template":"","meta":[],"_links":{"self":[{"href":"https:\/\/www.wellness-bk.de\/index.php?rest_route=\/wp\/v2\/pages\/27"}],"collection":[{"href":"https:\/\/www.wellness-bk.de\/index.php?rest_route=\/wp\/v2\/pages"}],"about":[{"href":"https:\/\/www.wellness-bk.de\/index.php?rest_route=\/wp\/v2\/types\/page"}],"author":[{"embeddable":true,"href":"https:\/\/www.wellness-bk.de\/index.php?rest_route=\/wp\/v2\/users\/1"}],"replies":[{"embeddable":true,"href":"https:\/\/www.wellness-bk.de\/index.php?rest_route=%2Fwp%2Fv2%2Fcomments&post=27"}],"version-history":[{"count":51,"href":"https:\/\/www.wellness-bk.de\/index.php?rest_route=\/wp\/v2\/pages\/27\/revisions"}],"predecessor-version":[{"id":636,"href":"https:\/\/www.wellness-bk.de\/index.php?rest_route=\/wp\/v2\/pages\/27\/revisions\/636"}],"wp:attachment":[{"href":"https:\/\/www.wellness-bk.de\/index.php?rest_route=%2Fwp%2Fv2%2Fmedia&parent=27"}],"curies":[{"name":"wp","href":"https:\/\/api.w.org\/{rel}","templated":true}]}}