{"id":253,"date":"2015-06-03T13:10:59","date_gmt":"2015-06-03T13:10:59","guid":{"rendered":"http:\/\/www.wellness-bk.de\/?page_id=253"},"modified":"2015-06-03T13:15:32","modified_gmt":"2015-06-03T13:15:32","slug":"russische-honig-zimt-massage","status":"publish","type":"page","link":"https:\/\/www.wellness-bk.de\/?page_id=253","title":{"rendered":"Russische Honig-Zimt-Massage"},"content":{"rendered":"<p>Unser K\u00f6rper lagert im Laufe seines Lebens Umwelt-, Nahrungs- und Medikamentengifte ein. Die Honigmassage ist aufgrund der im Honig enthaltenen Vielzahl von Enzymen, Vitaminen und Mineralstoffen von besonderer Bedeutung f\u00fcr die Entgiftung des Organismus.<br \/>\nMit den bekannten und \u00fcblichen Massageformen hat die Russische Honig-Zimt-Massage keine \u00c4hnlichkeit. Die Massage wirkt wie eine Reiztherapie bis tief in das Gewebe, so dass sich Verspannungen l\u00f6sen, die Durchblutung angeregt und Schlackenstoffe abtransportiert werden k\u00f6nnen.<br \/>\nDer naturreine Honig in Kombination mit therapeutisch reinem Zimt\u00f6l wird durch eine spezielle Massagetechnik auf der Haut wie Gummi und f\u00f6rdert damit die Ausscheidung und Entgiftung des K\u00f6rpers. Sie k\u00f6nnen es sp\u00fcren, wie sich Ihr K\u00f6rper neu belebt und regeneriert.<\/p>\n<p>Diese Anwendung\u00a0dauert 60 Minuten.<\/p>\n","protected":false},"excerpt":{"rendered":"<p>Unser K\u00f6rper lagert im Laufe seines Lebens Umwelt-, Nahrungs- und Medikamentengifte ein. Die Honigmassage ist aufgrund der im Honig enthaltenen Vielzahl von Enzymen, Vitaminen und Mineralstoffen von besonderer Bedeutung f\u00fcr die Entgiftung des Organismus. Mit den bekannten und \u00fcblichen Massageformen hat die Russische Honig-Zimt-Massage keine \u00c4hnlichkeit. Die Massage wirkt wie eine Reiztherapie bis tief in <a href=\"https:\/\/www.wellness-bk.de\/?page_id=253\" class=\"more-link\">...weiterlesen<span class=\"screen-reader-text\"> \"Russische Honig-Zimt-Massage\"<\/span><\/a><\/p>\n","protected":false},"author":1,"featured_media":0,"parent":23,"menu_order":0,"comment_status":"closed","ping_status":"closed","template":"","meta":[],"_links":{"self":[{"href":"https:\/\/www.wellness-bk.de\/index.php?rest_route=\/wp\/v2\/pages\/253"}],"collection":[{"href":"https:\/\/www.wellness-bk.de\/index.php?rest_route=\/wp\/v2\/pages"}],"about":[{"href":"https:\/\/www.wellness-bk.de\/index.php?rest_route=\/wp\/v2\/types\/page"}],"author":[{"embeddable":true,"href":"https:\/\/www.wellness-bk.de\/index.php?rest_route=\/wp\/v2\/users\/1"}],"replies":[{"embeddable":true,"href":"https:\/\/www.wellness-bk.de\/index.php?rest_route=%2Fwp%2Fv2%2Fcomments&post=253"}],"version-history":[{"count":1,"href":"https:\/\/www.wellness-bk.de\/index.php?rest_route=\/wp\/v2\/pages\/253\/revisions"}],"predecessor-version":[{"id":254,"href":"https:\/\/www.wellness-bk.de\/index.php?rest_route=\/wp\/v2\/pages\/253\/revisions\/254"}],"up":[{"embeddable":true,"href":"https:\/\/www.wellness-bk.de\/index.php?rest_route=\/wp\/v2\/pages\/23"}],"wp:attachment":[{"href":"https:\/\/www.wellness-bk.de\/index.php?rest_route=%2Fwp%2Fv2%2Fmedia&parent=253"}],"curies":[{"name":"wp","href":"https:\/\/api.w.org\/{rel}","templated":true}]}}