{"id":25,"date":"2015-04-17T12:20:50","date_gmt":"2015-04-17T12:20:50","guid":{"rendered":"http:\/\/127.0.0.1\/wordpress\/?page_id=25"},"modified":"2022-09-01T07:27:52","modified_gmt":"2022-09-01T07:27:52","slug":"preise","status":"publish","type":"page","link":"https:\/\/www.wellness-bk.de\/?page_id=25","title":{"rendered":"Preise"},"content":{"rendered":"<table>\n<tbody>\n<tr>\n<td width=\"300\"><strong>Massage<\/strong><\/td>\n<td width=\"128\"><strong>Dauer<\/strong><\/td>\n<td width=\"128\"><strong>Preis<\/strong><\/td>\n<\/tr>\n<tr>\n<td>Lomi Lomi Nui<\/td>\n<td>80 Minuten<\/td>\n<td>95,-- \u20ac<\/td>\n<\/tr>\n<tr>\n<td>Raindrop-Technique\u00ae - Massage<\/td>\n<td>75 Minuten<\/td>\n<td>90,-- \u20ac<\/td>\n<\/tr>\n<tr>\n<td>Tibetisch-energetische R\u00fcckenmassage<\/td>\n<td>60 Minuten<\/td>\n<td>70,-- \u20ac<\/td>\n<\/tr>\n<tr>\n<td>Klangmassage nach Peter Hess<\/td>\n<td>60 Minuten<\/td>\n<td>70,-- \u20ac<\/td>\n<\/tr>\n<tr>\n<td>Klangmassage nach Peter Hess als Schnuppermassage<\/td>\n<td>30 Minuten<\/td>\n<td>35,-- \u20ac<\/td>\n<\/tr>\n<tr>\n<td>Hot-Stone-Massage<\/td>\n<td>60 Minuten<\/td>\n<td>70,-- \u20ac<\/td>\n<\/tr>\n<tr>\n<td>Klassische Ganzk\u00f6rpermassage<\/td>\n<td>60 Minuten<\/td>\n<td>70,-- \u20ac<\/td>\n<\/tr>\n<tr>\n<td>Schnupper-Wellnessmassage<\/td>\n<td>30 Minuten<\/td>\n<td>35,-- \u20ac<\/td>\n<\/tr>\n<tr>\n<td>Breu\u00dfmassage<\/td>\n<td>45 Minuten<\/td>\n<td>52,50 \u20ac<\/td>\n<\/tr>\n<tr>\n<td>Ganzheitliche Fu\u00dfmassage mit \u00e4therischen \u00d6len therapeutischer Qualit\u00e4t<\/td>\n<td>60 Minuten<\/td>\n<td>70,-- \u20ac<\/td>\n<\/tr>\n<tr>\n<td>Russische Honig-Zimt-Massage<\/td>\n<td>60 Minuten<\/td>\n<td>70,-- \u20ac<\/td>\n<\/tr>\n<tr>\n<td>Reiki<\/td>\n<td>60 Minuten<\/td>\n<td>70,-- \u20ac<\/td>\n<\/tr>\n<tr>\n<td>Aroma-Beratung<\/td>\n<td>Nach Bedarf<\/td>\n<\/tr>\n<\/tbody>\n<\/table>\n<p><strong>Alle Massagen sind auch als Gutscheine erh\u00e4ltlich.<\/strong><\/p>\n<p>Ich sende Ihnen den oder die Gutscheine auch gerne per Post zu,<br \/>\nwenn Sie mir Ihre Adresse bzw. die der\/des zu Beschenkenden angeben und wenn der Betrag <em>plus 3\u20ac f\u00fcr Porto und Versand<\/em> auf folgendem Konto eingegangen ist:<br \/>\nBirgit Kuhn<br \/>\nKontonummer: 10 88 75 78; IBAN DE98 2003 0000 0010 8875 78<br \/>\nBankleitzahl: 200 300 00; BIC HYVEDEMM300<br \/>\nbei der HypoVereinsbank<\/p>\n<p><em>Gutscheine k\u00f6nnen <strong>nicht<\/strong> ausbezahlt werden!<\/em><\/p>\n","protected":false},"excerpt":{"rendered":"<p>Massage Dauer Preis Lomi Lomi Nui 80 Minuten 95,-- \u20ac Raindrop-Technique\u00ae - Massage 75 Minuten 90,-- \u20ac Tibetisch-energetische R\u00fcckenmassage 60 Minuten 70,-- \u20ac Klangmassage nach Peter Hess 60 Minuten 70,-- \u20ac Klangmassage nach Peter Hess als Schnuppermassage 30 Minuten 35,-- \u20ac Hot-Stone-Massage 60 Minuten 70,-- \u20ac Klassische Ganzk\u00f6rpermassage 60 Minuten 70,-- \u20ac Schnupper-Wellnessmassage 30 Minuten <a href=\"https:\/\/www.wellness-bk.de\/?page_id=25\" class=\"more-link\">...weiterlesen<span class=\"screen-reader-text\"> \"Preise\"<\/span><\/a><\/p>\n","protected":false},"author":1,"featured_media":0,"parent":0,"menu_order":0,"comment_status":"closed","ping_status":"closed","template":"","meta":[],"_links":{"self":[{"href":"https:\/\/www.wellness-bk.de\/index.php?rest_route=\/wp\/v2\/pages\/25"}],"collection":[{"href":"https:\/\/www.wellness-bk.de\/index.php?rest_route=\/wp\/v2\/pages"}],"about":[{"href":"https:\/\/www.wellness-bk.de\/index.php?rest_route=\/wp\/v2\/types\/page"}],"author":[{"embeddable":true,"href":"https:\/\/www.wellness-bk.de\/index.php?rest_route=\/wp\/v2\/users\/1"}],"replies":[{"embeddable":true,"href":"https:\/\/www.wellness-bk.de\/index.php?rest_route=%2Fwp%2Fv2%2Fcomments&post=25"}],"version-history":[{"count":23,"href":"https:\/\/www.wellness-bk.de\/index.php?rest_route=\/wp\/v2\/pages\/25\/revisions"}],"predecessor-version":[{"id":639,"href":"https:\/\/www.wellness-bk.de\/index.php?rest_route=\/wp\/v2\/pages\/25\/revisions\/639"}],"wp:attachment":[{"href":"https:\/\/www.wellness-bk.de\/index.php?rest_route=%2Fwp%2Fv2%2Fmedia&parent=25"}],"curies":[{"name":"wp","href":"https:\/\/api.w.org\/{rel}","templated":true}]}}