{"id":23,"date":"2015-04-17T12:20:14","date_gmt":"2015-04-17T12:20:14","guid":{"rendered":"http:\/\/127.0.0.1\/wordpress\/?page_id=23"},"modified":"2015-06-11T11:34:41","modified_gmt":"2015-06-11T11:34:41","slug":"wellnessmassagen","status":"publish","type":"page","link":"https:\/\/www.wellness-bk.de\/?page_id=23","title":{"rendered":"Wellnessmassagen"},"content":{"rendered":"<h3>Massagen<\/h3>\n<p>werden seit Menschengedenken genutzt um K\u00f6rper, Geist &amp; Seele wieder in den nat\u00fcrlichen Einklang zu bringen. Die Ber\u00fchrung von Mensch zu Mensch kann eine stark heilende Wirkung haben, der man sich immer wieder erinnern und bewusst werden kann.<\/p>\n<p>W\u00e4hrend der Massagen k\u00f6nnen \u2013 je nach Technik - verschiedene Sinne angesprochen werden, Selbstheilungskr\u00e4fte und Energiefl\u00fcsse aktiviert werden, Schlacken und S\u00e4uren ausgeleitet und der Lymph- und Blutfluss angeregt werden.<\/p>\n<p style=\"text-align: center;\"><img loading=\"lazy\" class=\"aligncenter  wp-image-238\" src=\"http:\/\/kuhn.selectline.de\/wp-content\/uploads\/2015\/04\/IMG_0040-300x200.jpg\" alt=\"IMG_0040\" width=\"542\" height=\"361\" srcset=\"https:\/\/www.wellness-bk.de\/wp-content\/uploads\/2015\/04\/IMG_0040-300x200.jpg 300w, https:\/\/www.wellness-bk.de\/wp-content\/uploads\/2015\/04\/IMG_0040-1024x683.jpg 1024w\" sizes=\"(max-width: 542px) 100vw, 542px\" \/><\/p>\n<p>Bitte informieren Sie sich genauer zu meinen Angeboten. Die Massagen finden Sie in der rechten\u00a0Seitenleiste aufgelistet.<\/p>\n","protected":false},"excerpt":{"rendered":"<p>Massagen werden seit Menschengedenken genutzt um K\u00f6rper, Geist &amp; Seele wieder in den nat\u00fcrlichen Einklang zu bringen. Die Ber\u00fchrung von Mensch zu Mensch kann eine stark heilende Wirkung haben, der man sich immer wieder erinnern und bewusst werden kann. W\u00e4hrend der Massagen k\u00f6nnen \u2013 je nach Technik - verschiedene Sinne angesprochen werden, Selbstheilungskr\u00e4fte und Energiefl\u00fcsse <a href=\"https:\/\/www.wellness-bk.de\/?page_id=23\" class=\"more-link\">...weiterlesen<span class=\"screen-reader-text\"> \"Wellnessmassagen\"<\/span><\/a><\/p>\n","protected":false},"author":1,"featured_media":0,"parent":0,"menu_order":0,"comment_status":"closed","ping_status":"closed","template":"","meta":[],"_links":{"self":[{"href":"https:\/\/www.wellness-bk.de\/index.php?rest_route=\/wp\/v2\/pages\/23"}],"collection":[{"href":"https:\/\/www.wellness-bk.de\/index.php?rest_route=\/wp\/v2\/pages"}],"about":[{"href":"https:\/\/www.wellness-bk.de\/index.php?rest_route=\/wp\/v2\/types\/page"}],"author":[{"embeddable":true,"href":"https:\/\/www.wellness-bk.de\/index.php?rest_route=\/wp\/v2\/users\/1"}],"replies":[{"embeddable":true,"href":"https:\/\/www.wellness-bk.de\/index.php?rest_route=%2Fwp%2Fv2%2Fcomments&post=23"}],"version-history":[{"count":11,"href":"https:\/\/www.wellness-bk.de\/index.php?rest_route=\/wp\/v2\/pages\/23\/revisions"}],"predecessor-version":[{"id":277,"href":"https:\/\/www.wellness-bk.de\/index.php?rest_route=\/wp\/v2\/pages\/23\/revisions\/277"}],"wp:attachment":[{"href":"https:\/\/www.wellness-bk.de\/index.php?rest_route=%2Fwp%2Fv2%2Fmedia&parent=23"}],"curies":[{"name":"wp","href":"https:\/\/api.w.org\/{rel}","templated":true}]}}