{"id":191,"date":"2015-05-24T15:03:26","date_gmt":"2015-05-24T15:03:26","guid":{"rendered":"http:\/\/www.wellness-bk.de\/?page_id=191"},"modified":"2015-06-29T15:05:00","modified_gmt":"2015-06-29T15:05:00","slug":"raindrop-technique-massage","status":"publish","type":"page","link":"https:\/\/www.wellness-bk.de\/?page_id=191","title":{"rendered":"Raindrop-Technique\u00ae-Massage"},"content":{"rendered":"<p>\u00c4therische \u00d6le und wohlriechende Pflanzenessenzen erfreuen sich immer gr\u00f6\u00dferer Beliebtheit. Schon die \u00c4gypter kannten um ca. 4500 v. Chr. die Heilkr\u00e4fte der Natur f\u00fcr K\u00f6rper, Geist und Seele.<\/p>\n<p>D. Gary Young hat, aufgeschreckt durch die Nebenwirkungen chemischer Medikamente, dieses alte Wissen erforscht und diese einzigartige Aroma\u00f6lanwendung in den 80er Jahren gemeinsam mit Lakota Indianern entwickelt. Diese Massage vereint zwei Welten in sich.<\/p>\n<p>Zum einen ist es die Welt der \u00e4therischen Essenzen, hergestellt aus den erlesensten Pflanzen der Natur und zum anderen ist es die Welt der energetischen Griffe der Lakota Indianer. Durch die starke Tiefenwirkung dieser Technik kann sich die Anwendung sowohl auf der k\u00f6rperlichen Ebene, als auch auf der emotionalen Ebene sp\u00fcrbar auswirken.<\/p>\n<p>Im Verlauf der Massage werden neun verschiedene, aufeinander abgestimmte, \u00e4therische \u00d6le in einer bestimmten Reihenfolge auf der Innenseite der Fu\u00dfsohlen sowie neben bzw. auf der Wirbels\u00e4ule aufgetragen und mit speziellen Grifftechniken eingearbeitet. Eine hei\u00dfe Kompresse verst\u00e4rkt die Wirkung der \u00d6le.<\/p>\n<p>Diese sanfte Anwendung kann dazu beitragen das Immunsystem, die Atemwege, das Skelettsystem und die Verdauung zu unterst\u00fctzen. Ein weiterer Effekt kann dabei eine Ausbalancierung der Energiefl\u00fcsse und eine strukturelle St\u00e4rkung sein. Dies wird als \u00fcberaus entspannend und \u00e4u\u00dferst angenehm beschrieben. Der K\u00f6rper kann beginnen, seine Selbstheilungskr\u00e4fte zu aktivieren und es entsteht ein wundervolles Gef\u00fchl der Leichtigkeit.<\/p>\n<p><img loading=\"lazy\" class=\"aligncenter  wp-image-243\" src=\"http:\/\/kuhn.selectline.de\/wp-content\/uploads\/2015\/05\/IMG_0118-1024x683.jpg\" alt=\"IMG_0118\" width=\"688\" height=\"459\" srcset=\"https:\/\/www.wellness-bk.de\/wp-content\/uploads\/2015\/05\/IMG_0118-1024x683.jpg 1024w, https:\/\/www.wellness-bk.de\/wp-content\/uploads\/2015\/05\/IMG_0118-300x200.jpg 300w\" sizes=\"(max-width: 688px) 100vw, 688px\" \/><\/p>\n<p>Diese Anwendung dauert 75 Minuten.<\/p>\n","protected":false},"excerpt":{"rendered":"<p>\u00c4therische \u00d6le und wohlriechende Pflanzenessenzen erfreuen sich immer gr\u00f6\u00dferer Beliebtheit. Schon die \u00c4gypter kannten um ca. 4500 v. Chr. die Heilkr\u00e4fte der Natur f\u00fcr K\u00f6rper, Geist und Seele. D. Gary Young hat, aufgeschreckt durch die Nebenwirkungen chemischer Medikamente, dieses alte Wissen erforscht und diese einzigartige Aroma\u00f6lanwendung in den 80er Jahren gemeinsam mit Lakota Indianern entwickelt. <a href=\"https:\/\/www.wellness-bk.de\/?page_id=191\" class=\"more-link\">...weiterlesen<span class=\"screen-reader-text\"> \"Raindrop-Technique\u00ae-Massage\"<\/span><\/a><\/p>\n","protected":false},"author":1,"featured_media":0,"parent":23,"menu_order":0,"comment_status":"closed","ping_status":"closed","template":"","meta":[],"_links":{"self":[{"href":"https:\/\/www.wellness-bk.de\/index.php?rest_route=\/wp\/v2\/pages\/191"}],"collection":[{"href":"https:\/\/www.wellness-bk.de\/index.php?rest_route=\/wp\/v2\/pages"}],"about":[{"href":"https:\/\/www.wellness-bk.de\/index.php?rest_route=\/wp\/v2\/types\/page"}],"author":[{"embeddable":true,"href":"https:\/\/www.wellness-bk.de\/index.php?rest_route=\/wp\/v2\/users\/1"}],"replies":[{"embeddable":true,"href":"https:\/\/www.wellness-bk.de\/index.php?rest_route=%2Fwp%2Fv2%2Fcomments&post=191"}],"version-history":[{"count":8,"href":"https:\/\/www.wellness-bk.de\/index.php?rest_route=\/wp\/v2\/pages\/191\/revisions"}],"predecessor-version":[{"id":365,"href":"https:\/\/www.wellness-bk.de\/index.php?rest_route=\/wp\/v2\/pages\/191\/revisions\/365"}],"up":[{"embeddable":true,"href":"https:\/\/www.wellness-bk.de\/index.php?rest_route=\/wp\/v2\/pages\/23"}],"wp:attachment":[{"href":"https:\/\/www.wellness-bk.de\/index.php?rest_route=%2Fwp%2Fv2%2Fmedia&parent=191"}],"curies":[{"name":"wp","href":"https:\/\/api.w.org\/{rel}","templated":true}]}}