{"id":112,"date":"2015-04-22T13:38:33","date_gmt":"2015-04-22T13:38:33","guid":{"rendered":"http:\/\/kuhn.selectline.de\/?page_id=112"},"modified":"2015-06-24T14:25:58","modified_gmt":"2015-06-24T14:25:58","slug":"tibetisch-energetische-rueckenmassage","status":"publish","type":"page","link":"https:\/\/www.wellness-bk.de\/?page_id=112","title":{"rendered":"Tibetisch-energetische R\u00fcckenmassage"},"content":{"rendered":"<p>Diese Massagetechnik hat ihren Ursprung in den Kl\u00f6stern Tibets und wird dort von tibetischen M\u00f6nchen angewandt. Die tibetische R\u00fcckenmassage ist eine sehr sanfte, aber tiefgehende Massage und Energiearbeit, die auf alle Ebenen des Menschen einwirken kann. Trotz oder auch gerade wegen ihrer Sanftheit kann sie anhaltend wirkungsvoll sein. Traditionell wird diese Massage in Zeiten gro\u00dfer Belastung empfohlen. Ihr wird eine Art meditativer Charakter nachgesagt.<\/p>\n<p>Die tibetisch-energetische R\u00fcckenmassage wird mit gezielten, sehr sanften, langsamen, streichenden Ber\u00fchrungen auf dem R\u00fccken ausgef\u00fchrt, die sehr entspannend und beruhigend wirken. Entscheidend hierbei ist die Behutsamkeit der Ber\u00fchrungen. Verst\u00e4rkt wird die Wirkung durch die Verwendung von erw\u00e4rmtem, hochwertigem, gereiftem Sesam\u00f6l aus biologischem Anbau. Sesam\u00f6l ist ein sehr gutes Hautpflege\u00f6l und unterst\u00fctzt die Entgiftung des K\u00f6rpers \u00fcber die Haut. Es gibt k\u00f6rperliche (Schutzschild der Haut) und seelische Kraft, wirkt beruhigend, erdend, st\u00e4rkend und gilt als Nerventonikum, insbesondere wenn man \u201emit den Nerven fertig\u201d ist und extrem d\u00fcnnh\u00e4utig wird. W\u00e4hrend der Anwendung k\u00f6nnen sich k\u00f6rperliche aber auch seelische und emotionale Blockaden l\u00f6sen, was zu einer tiefen Entspannung und St\u00e4rkung der Selbstheilungskr\u00e4fte f\u00fchrt.<\/p>\n<p>Diese Massage dauert 60 Minuten.<\/p>\n","protected":false},"excerpt":{"rendered":"<p>Diese Massagetechnik hat ihren Ursprung in den Kl\u00f6stern Tibets und wird dort von tibetischen M\u00f6nchen angewandt. Die tibetische R\u00fcckenmassage ist eine sehr sanfte, aber tiefgehende Massage und Energiearbeit, die auf alle Ebenen des Menschen einwirken kann. Trotz oder auch gerade wegen ihrer Sanftheit kann sie anhaltend wirkungsvoll sein. Traditionell wird diese Massage in Zeiten gro\u00dfer <a href=\"https:\/\/www.wellness-bk.de\/?page_id=112\" class=\"more-link\">...weiterlesen<span class=\"screen-reader-text\"> \"Tibetisch-energetische R\u00fcckenmassage\"<\/span><\/a><\/p>\n","protected":false},"author":1,"featured_media":0,"parent":23,"menu_order":0,"comment_status":"closed","ping_status":"closed","template":"","meta":[],"_links":{"self":[{"href":"https:\/\/www.wellness-bk.de\/index.php?rest_route=\/wp\/v2\/pages\/112"}],"collection":[{"href":"https:\/\/www.wellness-bk.de\/index.php?rest_route=\/wp\/v2\/pages"}],"about":[{"href":"https:\/\/www.wellness-bk.de\/index.php?rest_route=\/wp\/v2\/types\/page"}],"author":[{"embeddable":true,"href":"https:\/\/www.wellness-bk.de\/index.php?rest_route=\/wp\/v2\/users\/1"}],"replies":[{"embeddable":true,"href":"https:\/\/www.wellness-bk.de\/index.php?rest_route=%2Fwp%2Fv2%2Fcomments&post=112"}],"version-history":[{"count":7,"href":"https:\/\/www.wellness-bk.de\/index.php?rest_route=\/wp\/v2\/pages\/112\/revisions"}],"predecessor-version":[{"id":343,"href":"https:\/\/www.wellness-bk.de\/index.php?rest_route=\/wp\/v2\/pages\/112\/revisions\/343"}],"up":[{"embeddable":true,"href":"https:\/\/www.wellness-bk.de\/index.php?rest_route=\/wp\/v2\/pages\/23"}],"wp:attachment":[{"href":"https:\/\/www.wellness-bk.de\/index.php?rest_route=%2Fwp%2Fv2%2Fmedia&parent=112"}],"curies":[{"name":"wp","href":"https:\/\/api.w.org\/{rel}","templated":true}]}}