{"id":107,"date":"2015-04-22T13:14:01","date_gmt":"2015-04-22T13:14:01","guid":{"rendered":"http:\/\/kuhn.selectline.de\/?page_id=107"},"modified":"2020-06-16T09:44:03","modified_gmt":"2020-06-16T09:44:03","slug":"willkommensseite","status":"publish","type":"page","link":"https:\/\/www.wellness-bk.de\/","title":{"rendered":"Willkommensseite"},"content":{"rendered":"<h1>Herzlich Willkommen!<img loading=\"lazy\" src=\"https:\/\/www.wellness-bk.de\/wp-content\/uploads\/2015\/04\/IMG_0072-683x1024.jpg\" alt=\"\" width=\"316\" height=\"447\" class=\"alignright size-large wp-image-280\" \/><\/h1>\n<p>Sch\u00f6n, dass Sie den Weg auf meine Internetseite gefunden haben. Ich lade Sie hiermit ein, gemeinsam mit mir auf eine Reise zu mehr Entspannung und Gesundheit zu gehen. Dazu biete ich ein umfassendes Angebot, in dem Sie genau die, f\u00fcr Sie optimale Anwendung finden. Sehr gern berate ich Sie auch bei der Auswahl.<\/p>\n<p>In meinen R\u00e4umlichkeiten k\u00f6nnen Sie in gem\u00fctlicher Atmosph\u00e4re den stressigen Alltag einfach einmal hinter sich lassen, um neue Kraft und Energie zu tanken. Jede einzelne Anwendung ist darauf ausgerichtet, Sie in die Entspannung und Regeneration zu bringen.<\/p>\n<p>Es ist immer wieder wunderbar, die positiven Ver\u00e4nderungen nach den Massagen zu sehen. Menschen, die vor k\u00fcrzester Zeit noch extrem gestresst und angespannt waren, sind v\u00f6llig entspannt, strahlen innere Ruhe &amp; Entspannung aus. Schon diese kurze Auszeit aus dem Alltag wird sich f\u00fcr Sie anf\u00fchlen, als h\u00e4tten Sie einen kleinen Urlaub gebucht.<\/p>\n<p>Sind Sie neugierig geworden? Dann buchen Sie gleich einen Termin. Die vereinbarte Zeit geh\u00f6rt ganz Ihnen allein. Oder wollen Sie einem Ihrer Lieben etwas Gutes tun. Dann verschenken Sie doch einen Gutschein.<\/p>\n<p>Ich freue mich auf <strong>Sie<\/strong>.<\/p>\n<p>&nbsp;<\/p>\n<p>&nbsp;<\/p>\n<p style=\"line-height: 17.25pt; background: white; margin: 0cm 0cm 12.75pt 0cm;\"><span style=\"font-size: 10.0pt; font-family: 'Lucida Bright','serif'; color: #503d08;\">(Es werden keine Erotikmassagen oder medizinischen Behandlungen angeboten!)<\/span><\/p>\n","protected":false},"excerpt":{"rendered":"<p>Herzlich Willkommen! Sch\u00f6n, dass Sie den Weg auf meine Internetseite gefunden haben. Ich lade Sie hiermit ein, gemeinsam mit mir auf eine Reise zu mehr Entspannung und Gesundheit zu gehen. Dazu biete ich ein umfassendes Angebot, in dem Sie genau die, f\u00fcr Sie optimale Anwendung finden. Sehr gern berate ich Sie auch bei der Auswahl. <a href=\"https:\/\/www.wellness-bk.de\/\" class=\"more-link\">...weiterlesen<span class=\"screen-reader-text\"> \"Willkommensseite\"<\/span><\/a><\/p>\n","protected":false},"author":1,"featured_media":0,"parent":0,"menu_order":0,"comment_status":"closed","ping_status":"closed","template":"","meta":[],"_links":{"self":[{"href":"https:\/\/www.wellness-bk.de\/index.php?rest_route=\/wp\/v2\/pages\/107"}],"collection":[{"href":"https:\/\/www.wellness-bk.de\/index.php?rest_route=\/wp\/v2\/pages"}],"about":[{"href":"https:\/\/www.wellness-bk.de\/index.php?rest_route=\/wp\/v2\/types\/page"}],"author":[{"embeddable":true,"href":"https:\/\/www.wellness-bk.de\/index.php?rest_route=\/wp\/v2\/users\/1"}],"replies":[{"embeddable":true,"href":"https:\/\/www.wellness-bk.de\/index.php?rest_route=%2Fwp%2Fv2%2Fcomments&post=107"}],"version-history":[{"count":25,"href":"https:\/\/www.wellness-bk.de\/index.php?rest_route=\/wp\/v2\/pages\/107\/revisions"}],"predecessor-version":[{"id":630,"href":"https:\/\/www.wellness-bk.de\/index.php?rest_route=\/wp\/v2\/pages\/107\/revisions\/630"}],"wp:attachment":[{"href":"https:\/\/www.wellness-bk.de\/index.php?rest_route=%2Fwp%2Fv2%2Fmedia&parent=107"}],"curies":[{"name":"wp","href":"https:\/\/api.w.org\/{rel}","templated":true}]}}